{"id":97,"date":"2019-12-26T10:06:09","date_gmt":"2019-12-26T10:06:09","guid":{"rendered":"http:\/\/klimabuendnis-bad-camberg.de\/?page_id=97"},"modified":"2020-01-25T16:06:32","modified_gmt":"2020-01-25T16:06:32","slug":"wohnen","status":"publish","type":"page","link":"https:\/\/klimabuendnis-bad-camberg.de\/?page_id=97","title":{"rendered":"Wohnen"},"content":{"rendered":"\n<p>Im Bereich des Wohnens lassen sich sehr viele klimasch\u00e4dliche Emissionen einsparen. Geb\u00e4udesanierung, Solarthermie, neue M\u00f6glichkeiten des Heizens, W\u00e4rmed\u00e4mmung, Geothermie usw. <\/p>\n\n\n\n<figure class=\"wp-block-image size-large is-resized\"><img decoding=\"async\" loading=\"lazy\" src=\"https:\/\/klimabuendnis-bad-camberg.de\/wp-content\/uploads\/2020\/01\/PV-Dach-1-995x1024.jpg\" alt=\"\" class=\"wp-image-530\" width=\"498\" height=\"512\" srcset=\"https:\/\/klimabuendnis-bad-camberg.de\/wp-content\/uploads\/2020\/01\/PV-Dach-1-995x1024.jpg 995w, https:\/\/klimabuendnis-bad-camberg.de\/wp-content\/uploads\/2020\/01\/PV-Dach-1-292x300.jpg 292w, https:\/\/klimabuendnis-bad-camberg.de\/wp-content\/uploads\/2020\/01\/PV-Dach-1-768x790.jpg 768w, https:\/\/klimabuendnis-bad-camberg.de\/wp-content\/uploads\/2020\/01\/PV-Dach-1-1492x1536.jpg 1492w, https:\/\/klimabuendnis-bad-camberg.de\/wp-content\/uploads\/2020\/01\/PV-Dach-1-1990x2048.jpg 1990w\" sizes=\"(max-width: 498px) 100vw, 498px\" \/><\/figure>\n","protected":false},"excerpt":{"rendered":"<p>Im Bereich des wohnens lassen sich sehr viele Klimasch\u00e4dliche Emissionen einsparen. Geb\u00e4udesanierung, Solarthermie, neue M\u00f6glichkeiten des Heizens, W\u00e4rmed\u00e4mmung, Geothermie usw. <\/p>\n","protected":false},"author":1,"featured_media":0,"parent":0,"menu_order":0,"comment_status":"closed","ping_status":"closed","template":"","meta":{"ngg_post_thumbnail":0},"_links":{"self":[{"href":"https:\/\/klimabuendnis-bad-camberg.de\/index.php?rest_route=\/wp\/v2\/pages\/97"}],"collection":[{"href":"https:\/\/klimabuendnis-bad-camberg.de\/index.php?rest_route=\/wp\/v2\/pages"}],"about":[{"href":"https:\/\/klimabuendnis-bad-camberg.de\/index.php?rest_route=\/wp\/v2\/types\/page"}],"author":[{"embeddable":true,"href":"https:\/\/klimabuendnis-bad-camberg.de\/index.php?rest_route=\/wp\/v2\/users\/1"}],"replies":[{"embeddable":true,"href":"https:\/\/klimabuendnis-bad-camberg.de\/index.php?rest_route=%2Fwp%2Fv2%2Fcomments&post=97"}],"version-history":[{"count":4,"href":"https:\/\/klimabuendnis-bad-camberg.de\/index.php?rest_route=\/wp\/v2\/pages\/97\/revisions"}],"predecessor-version":[{"id":584,"href":"https:\/\/klimabuendnis-bad-camberg.de\/index.php?rest_route=\/wp\/v2\/pages\/97\/revisions\/584"}],"wp:attachment":[{"href":"https:\/\/klimabuendnis-bad-camberg.de\/index.php?rest_route=%2Fwp%2Fv2%2Fmedia&parent=97"}],"curies":[{"name":"wp","href":"https:\/\/api.w.org\/{rel}","templated":true}]}}