{"id":95,"date":"2019-12-26T10:05:45","date_gmt":"2019-12-26T10:05:45","guid":{"rendered":"http:\/\/klimabuendnis-bad-camberg.de\/?page_id=95"},"modified":"2020-01-25T16:01:20","modified_gmt":"2020-01-25T16:01:20","slug":"ernaehrung","status":"publish","type":"page","link":"https:\/\/klimabuendnis-bad-camberg.de\/?page_id=95","title":{"rendered":"Ern\u00e4hrung"},"content":{"rendered":"\n<p>Auch bei der Ern\u00e4hrung kann man klimabewu\u00dft agieren. Fleischreduzierung, regionale Versorgung, Selbstversorgung, \u00d6kolandbau, Vegetarismus, vegan, solidarische Landwirtschaft, Gem\u00fcsekiste usw.<\/p>\n\n\n\n<figure class=\"wp-block-image size-large is-resized\"><img decoding=\"async\" loading=\"lazy\" src=\"https:\/\/klimabuendnis-bad-camberg.de\/wp-content\/uploads\/2020\/01\/gemueseteller-1024x683.jpg\" alt=\"\" class=\"wp-image-492\" width=\"512\" height=\"342\" srcset=\"https:\/\/klimabuendnis-bad-camberg.de\/wp-content\/uploads\/2020\/01\/gemueseteller-1024x683.jpg 1024w, https:\/\/klimabuendnis-bad-camberg.de\/wp-content\/uploads\/2020\/01\/gemueseteller-300x200.jpg 300w, https:\/\/klimabuendnis-bad-camberg.de\/wp-content\/uploads\/2020\/01\/gemueseteller-768x512.jpg 768w, https:\/\/klimabuendnis-bad-camberg.de\/wp-content\/uploads\/2020\/01\/gemueseteller-1536x1024.jpg 1536w, https:\/\/klimabuendnis-bad-camberg.de\/wp-content\/uploads\/2020\/01\/gemueseteller-2048x1365.jpg 2048w, https:\/\/klimabuendnis-bad-camberg.de\/wp-content\/uploads\/2020\/01\/gemueseteller-570x380.jpg 570w, https:\/\/klimabuendnis-bad-camberg.de\/wp-content\/uploads\/2020\/01\/gemueseteller-272x182.jpg 272w\" sizes=\"(max-width: 512px) 100vw, 512px\" \/><\/figure>\n","protected":false},"excerpt":{"rendered":"<p>Auch bei der Ern\u00e4hrung kann man klimabewu\u00dft agieren. Fleischreduzierung, regionale Versorgung, Selbstversorgung, \u00d6kolandbau, Vegetarismus, Vegan, solidarische Landwirtschaft, Gem\u00fcsekiste usw.<\/p>\n","protected":false},"author":1,"featured_media":0,"parent":0,"menu_order":0,"comment_status":"closed","ping_status":"closed","template":"","meta":{"ngg_post_thumbnail":0},"_links":{"self":[{"href":"https:\/\/klimabuendnis-bad-camberg.de\/index.php?rest_route=\/wp\/v2\/pages\/95"}],"collection":[{"href":"https:\/\/klimabuendnis-bad-camberg.de\/index.php?rest_route=\/wp\/v2\/pages"}],"about":[{"href":"https:\/\/klimabuendnis-bad-camberg.de\/index.php?rest_route=\/wp\/v2\/types\/page"}],"author":[{"embeddable":true,"href":"https:\/\/klimabuendnis-bad-camberg.de\/index.php?rest_route=\/wp\/v2\/users\/1"}],"replies":[{"embeddable":true,"href":"https:\/\/klimabuendnis-bad-camberg.de\/index.php?rest_route=%2Fwp%2Fv2%2Fcomments&post=95"}],"version-history":[{"count":3,"href":"https:\/\/klimabuendnis-bad-camberg.de\/index.php?rest_route=\/wp\/v2\/pages\/95\/revisions"}],"predecessor-version":[{"id":570,"href":"https:\/\/klimabuendnis-bad-camberg.de\/index.php?rest_route=\/wp\/v2\/pages\/95\/revisions\/570"}],"wp:attachment":[{"href":"https:\/\/klimabuendnis-bad-camberg.de\/index.php?rest_route=%2Fwp%2Fv2%2Fmedia&parent=95"}],"curies":[{"name":"wp","href":"https:\/\/api.w.org\/{rel}","templated":true}]}}