{"id":68,"date":"2019-12-26T09:55:32","date_gmt":"2019-12-26T09:55:32","guid":{"rendered":"http:\/\/klimabuendnis-bad-camberg.de\/?page_id=68"},"modified":"2019-12-26T09:55:32","modified_gmt":"2019-12-26T09:55:32","slug":"co2-ziele-bad-camberg","status":"publish","type":"page","link":"https:\/\/klimabuendnis-bad-camberg.de\/?page_id=68","title":{"rendered":"CO2 Ziele Bad Camberg"},"content":{"rendered":"\n<p>Wo wollen \/m\u00fcssen wir hinsichtlich unserer Co2 Bilanz hin. Welchen Zeitrahmen gibt es f\u00fcr unsere Klimaschutzma\u00dfnahmen.<\/p>\n","protected":false},"excerpt":{"rendered":"<p>Wo wollen \/m\u00fcssen wir hinsichtlich unserer Co2 Bilanz hin. Welchen Zeitrahmen gibt es f\u00fcr unsere Klimaschutzma\u00dfnahmen.<\/p>\n","protected":false},"author":1,"featured_media":0,"parent":0,"menu_order":0,"comment_status":"closed","ping_status":"closed","template":"","meta":{"ngg_post_thumbnail":0},"_links":{"self":[{"href":"https:\/\/klimabuendnis-bad-camberg.de\/index.php?rest_route=\/wp\/v2\/pages\/68"}],"collection":[{"href":"https:\/\/klimabuendnis-bad-camberg.de\/index.php?rest_route=\/wp\/v2\/pages"}],"about":[{"href":"https:\/\/klimabuendnis-bad-camberg.de\/index.php?rest_route=\/wp\/v2\/types\/page"}],"author":[{"embeddable":true,"href":"https:\/\/klimabuendnis-bad-camberg.de\/index.php?rest_route=\/wp\/v2\/users\/1"}],"replies":[{"embeddable":true,"href":"https:\/\/klimabuendnis-bad-camberg.de\/index.php?rest_route=%2Fwp%2Fv2%2Fcomments&post=68"}],"version-history":[{"count":1,"href":"https:\/\/klimabuendnis-bad-camberg.de\/index.php?rest_route=\/wp\/v2\/pages\/68\/revisions"}],"predecessor-version":[{"id":69,"href":"https:\/\/klimabuendnis-bad-camberg.de\/index.php?rest_route=\/wp\/v2\/pages\/68\/revisions\/69"}],"wp:attachment":[{"href":"https:\/\/klimabuendnis-bad-camberg.de\/index.php?rest_route=%2Fwp%2Fv2%2Fmedia&parent=68"}],"curies":[{"name":"wp","href":"https:\/\/api.w.org\/{rel}","templated":true}]}}