{"id":656,"date":"2020-01-27T20:40:42","date_gmt":"2020-01-27T20:40:42","guid":{"rendered":"http:\/\/klimabuendnis-bad-camberg.de\/?page_id=656"},"modified":"2020-01-27T20:43:21","modified_gmt":"2020-01-27T20:43:21","slug":"buergergarten","status":"publish","type":"page","link":"https:\/\/klimabuendnis-bad-camberg.de\/?page_id=656","title":{"rendered":"B\u00fcrgergarten"},"content":{"rendered":"<p>Urban Gardening, Stadtgarten, Gemeinschaftsg\u00e4rten, Gem\u00fcse vor der Stadt und B\u00fcrgergarten, immer geht es um eine Gemeinschaft, die sich bildet, um Gem\u00fcse und Obst vor Ort zum Selbstverbrauch anzubauen.<\/p>\n<p>&nbsp;<\/p>\n<p>Unser erstes Projekt in Bad Camberg, der Stadtgarten ist leider nach zwei Jahren gescheitert, die Idee einer nachhaltigen Bewirtschaftung war der Besitzerin des Stadtgartens nicht zu vermitteln. Des Weiteren ist man mit mannigfaltigen Vorurteilen und einer unglaublichen Ignoranz konfrontiert. Hier hei\u00dft es nicht aufzugeben und mit neuem Elan noch intensiver weiterzumachen.<\/p>\n<p>Die Natur ist nicht aufger\u00e4umt und besenrein und wenn man ohne Kunstd\u00fcnger und Pestizide g\u00e4rtnern will, muss man die nat\u00fcrlichen Feinde der Sch\u00e4dlinge f\u00f6rdern und das geht nur, wenn man Reisighaufen liegen und verbl\u00fchtes stehen l\u00e4sst. Es muss ein stabiler Lebensraum entstehen, in dessen Zentrum man problemlos Gem\u00fcse und Obst in vielf\u00e4ltigen Mischkulturen ohne den Einsatz von Chemie anbauen kann.<\/p>\n\n\n<figure class=\"wp-block-image size-large\"><img decoding=\"async\" loading=\"lazy\" width=\"1024\" height=\"614\" src=\"https:\/\/klimabuendnis-bad-camberg.de\/wp-content\/uploads\/2020\/01\/20190621_145427-1024x614.jpg\" alt=\"\" class=\"wp-image-659\" srcset=\"https:\/\/klimabuendnis-bad-camberg.de\/wp-content\/uploads\/2020\/01\/20190621_145427-1024x614.jpg 1024w, https:\/\/klimabuendnis-bad-camberg.de\/wp-content\/uploads\/2020\/01\/20190621_145427-300x180.jpg 300w, https:\/\/klimabuendnis-bad-camberg.de\/wp-content\/uploads\/2020\/01\/20190621_145427-768x461.jpg 768w, https:\/\/klimabuendnis-bad-camberg.de\/wp-content\/uploads\/2020\/01\/20190621_145427-1536x922.jpg 1536w, https:\/\/klimabuendnis-bad-camberg.de\/wp-content\/uploads\/2020\/01\/20190621_145427-2048x1229.jpg 2048w\" sizes=\"(max-width: 1024px) 100vw, 1024px\" \/><\/figure>\n\n\n\n<p> Wir machen weiter und lassen uns nicht unterkriegen. <\/p>\n","protected":false},"excerpt":{"rendered":"<p>Urban Gardening, Stadtgarten, Gemeinschaftsg\u00e4rten, Gem\u00fcse vor der Stadt und B\u00fcrgergarten, immer geht es um eine Gemeinschaft, die sich bildet, um Gem\u00fcse und Obst vor Ort zum Selbstverbrauch anzubauen. &nbsp; Unser erstes Projekt in Bad Camberg, der Stadtgarten ist leider nach zwei Jahren gescheitert, die Idee einer nachhaltigen Bewirtschaftung war der Besitzerin des Stadtgartens nicht zu&#8230;<\/p>\n<p class=\"more-link\"><a href=\"https:\/\/klimabuendnis-bad-camberg.de\/?page_id=656\" class=\"themebutton3\">Read More<\/a><\/p>\n","protected":false},"author":1,"featured_media":0,"parent":0,"menu_order":0,"comment_status":"closed","ping_status":"closed","template":"","meta":{"ngg_post_thumbnail":0},"_links":{"self":[{"href":"https:\/\/klimabuendnis-bad-camberg.de\/index.php?rest_route=\/wp\/v2\/pages\/656"}],"collection":[{"href":"https:\/\/klimabuendnis-bad-camberg.de\/index.php?rest_route=\/wp\/v2\/pages"}],"about":[{"href":"https:\/\/klimabuendnis-bad-camberg.de\/index.php?rest_route=\/wp\/v2\/types\/page"}],"author":[{"embeddable":true,"href":"https:\/\/klimabuendnis-bad-camberg.de\/index.php?rest_route=\/wp\/v2\/users\/1"}],"replies":[{"embeddable":true,"href":"https:\/\/klimabuendnis-bad-camberg.de\/index.php?rest_route=%2Fwp%2Fv2%2Fcomments&post=656"}],"version-history":[{"count":3,"href":"https:\/\/klimabuendnis-bad-camberg.de\/index.php?rest_route=\/wp\/v2\/pages\/656\/revisions"}],"predecessor-version":[{"id":660,"href":"https:\/\/klimabuendnis-bad-camberg.de\/index.php?rest_route=\/wp\/v2\/pages\/656\/revisions\/660"}],"wp:attachment":[{"href":"https:\/\/klimabuendnis-bad-camberg.de\/index.php?rest_route=%2Fwp%2Fv2%2Fmedia&parent=656"}],"curies":[{"name":"wp","href":"https:\/\/api.w.org\/{rel}","templated":true}]}}