{"id":590,"date":"2020-01-25T16:15:44","date_gmt":"2020-01-25T16:15:44","guid":{"rendered":"http:\/\/klimabuendnis-bad-camberg.de\/?p=590"},"modified":"2020-01-25T16:22:30","modified_gmt":"2020-01-25T16:22:30","slug":"waerme","status":"publish","type":"page","link":"https:\/\/klimabuendnis-bad-camberg.de\/?page_id=590","title":{"rendered":"W\u00e4rme"},"content":{"rendered":"<p>W\u00e4rme nachhaltig erzeugen, Prof. Dr. Volker Quaschning erkl\u00e4rt die gesamte Problematik:<\/p>\n\n\n<figure class=\"wp-block-embed-youtube wp-block-embed is-type-video is-provider-youtube wp-embed-aspect-16-9 wp-has-aspect-ratio\"><div class=\"wp-block-embed__wrapper\">\n<iframe loading=\"lazy\" title=\"Energiewende im W\u00e4rmebereich\" width=\"1170\" height=\"658\" src=\"https:\/\/www.youtube.com\/embed\/S4wx9P_bU3Q?feature=oembed\" frameborder=\"0\" allow=\"accelerometer; autoplay; encrypted-media; gyroscope; picture-in-picture\" allowfullscreen><\/iframe>\n<\/div><\/figure>\n","protected":false},"excerpt":{"rendered":"<p>W\u00e4rme nachhaltig erzeugen, Prof. Dr. Volker Quaschning erkl\u00e4rt die gesamte Problematik:<\/p>\n","protected":false},"author":1,"featured_media":0,"parent":0,"menu_order":0,"comment_status":"closed","ping_status":"open","template":"","meta":{"ngg_post_thumbnail":0},"_links":{"self":[{"href":"https:\/\/klimabuendnis-bad-camberg.de\/index.php?rest_route=\/wp\/v2\/pages\/590"}],"collection":[{"href":"https:\/\/klimabuendnis-bad-camberg.de\/index.php?rest_route=\/wp\/v2\/pages"}],"about":[{"href":"https:\/\/klimabuendnis-bad-camberg.de\/index.php?rest_route=\/wp\/v2\/types\/page"}],"author":[{"embeddable":true,"href":"https:\/\/klimabuendnis-bad-camberg.de\/index.php?rest_route=\/wp\/v2\/users\/1"}],"replies":[{"embeddable":true,"href":"https:\/\/klimabuendnis-bad-camberg.de\/index.php?rest_route=%2Fwp%2Fv2%2Fcomments&post=590"}],"version-history":[{"count":2,"href":"https:\/\/klimabuendnis-bad-camberg.de\/index.php?rest_route=\/wp\/v2\/pages\/590\/revisions"}],"predecessor-version":[{"id":592,"href":"https:\/\/klimabuendnis-bad-camberg.de\/index.php?rest_route=\/wp\/v2\/pages\/590\/revisions\/592"}],"wp:attachment":[{"href":"https:\/\/klimabuendnis-bad-camberg.de\/index.php?rest_route=%2Fwp%2Fv2%2Fmedia&parent=590"}],"curies":[{"name":"wp","href":"https:\/\/api.w.org\/{rel}","templated":true}]}}