{"id":57,"date":"2019-12-26T09:50:45","date_gmt":"2019-12-26T09:50:45","guid":{"rendered":"http:\/\/klimabuendnis-bad-camberg.de\/?page_id=57"},"modified":"2020-01-25T16:02:11","modified_gmt":"2020-01-25T16:02:11","slug":"klimabuendnis-bad-camberg","status":"publish","type":"page","link":"https:\/\/klimabuendnis-bad-camberg.de\/?page_id=57","title":{"rendered":"Klimab\u00fcndnis Bad Camberg"},"content":{"rendered":"\n<p>Bad   Camberg ist Klimakommune und das Klimab\u00fcndnis Bad Camberg will die Stadt dabei aktiv unterst\u00fctzen das Projekt mit Leben zu f\u00fcllen.<\/p>\n\n\n\n<p>Das   Klimab\u00fcndnis Bad Camberg will einerseits mehr Druck auf die Kommunalpolitik aus\u00fcben, damit Bad Camberg schneller klimaneutral wird, andererseits sollen den B\u00fcrgern Infos gegeben werden auch im privaten Bereich t\u00e4tig zu werden.<\/p>\n\n\n\n<figure class=\"wp-block-image size-large is-resized\"><img decoding=\"async\" loading=\"lazy\" src=\"https:\/\/klimabuendnis-bad-camberg.de\/wp-content\/uploads\/2020\/01\/Logo-2-1024x688.jpg\" alt=\"\" class=\"wp-image-499\" width=\"512\" height=\"344\" srcset=\"https:\/\/klimabuendnis-bad-camberg.de\/wp-content\/uploads\/2020\/01\/Logo-2-1024x688.jpg 1024w, https:\/\/klimabuendnis-bad-camberg.de\/wp-content\/uploads\/2020\/01\/Logo-2-300x202.jpg 300w, https:\/\/klimabuendnis-bad-camberg.de\/wp-content\/uploads\/2020\/01\/Logo-2-768x516.jpg 768w, https:\/\/klimabuendnis-bad-camberg.de\/wp-content\/uploads\/2020\/01\/Logo-2-1536x1032.jpg 1536w, https:\/\/klimabuendnis-bad-camberg.de\/wp-content\/uploads\/2020\/01\/Logo-2-2048x1376.jpg 2048w, https:\/\/klimabuendnis-bad-camberg.de\/wp-content\/uploads\/2020\/01\/Logo-2-272x182.jpg 272w\" sizes=\"(max-width: 512px) 100vw, 512px\" \/><\/figure>\n","protected":false},"excerpt":{"rendered":"<p>Klimab\u00fcndnis Bad Camberg &#8211; wir \u00fcber uns<\/p>\n","protected":false},"author":1,"featured_media":0,"parent":0,"menu_order":0,"comment_status":"closed","ping_status":"closed","template":"","meta":{"ngg_post_thumbnail":0},"_links":{"self":[{"href":"https:\/\/klimabuendnis-bad-camberg.de\/index.php?rest_route=\/wp\/v2\/pages\/57"}],"collection":[{"href":"https:\/\/klimabuendnis-bad-camberg.de\/index.php?rest_route=\/wp\/v2\/pages"}],"about":[{"href":"https:\/\/klimabuendnis-bad-camberg.de\/index.php?rest_route=\/wp\/v2\/types\/page"}],"author":[{"embeddable":true,"href":"https:\/\/klimabuendnis-bad-camberg.de\/index.php?rest_route=\/wp\/v2\/users\/1"}],"replies":[{"embeddable":true,"href":"https:\/\/klimabuendnis-bad-camberg.de\/index.php?rest_route=%2Fwp%2Fv2%2Fcomments&post=57"}],"version-history":[{"count":3,"href":"https:\/\/klimabuendnis-bad-camberg.de\/index.php?rest_route=\/wp\/v2\/pages\/57\/revisions"}],"predecessor-version":[{"id":573,"href":"https:\/\/klimabuendnis-bad-camberg.de\/index.php?rest_route=\/wp\/v2\/pages\/57\/revisions\/573"}],"wp:attachment":[{"href":"https:\/\/klimabuendnis-bad-camberg.de\/index.php?rest_route=%2Fwp%2Fv2%2Fmedia&parent=57"}],"curies":[{"name":"wp","href":"https:\/\/api.w.org\/{rel}","templated":true}]}}