{"id":119,"date":"2019-12-26T10:20:50","date_gmt":"2019-12-26T10:20:50","guid":{"rendered":"http:\/\/klimabuendnis-bad-camberg.de\/?page_id=119"},"modified":"2019-12-26T20:59:10","modified_gmt":"2019-12-26T20:59:10","slug":"aktuelles","status":"publish","type":"page","link":"https:\/\/klimabuendnis-bad-camberg.de\/?page_id=119","title":{"rendered":"Aktuelles"},"content":{"rendered":"<ul class=\"wp-block-latest-posts__list is-grid columns-3 has-dates wp-block-latest-posts\"><li><a class=\"wp-block-latest-posts__post-title\" href=\"https:\/\/klimabuendnis-bad-camberg.de\/?p=675\">M\u00fcllsammelaktion 2020<\/a><time datetime=\"2020-03-04T17:07:22+00:00\" class=\"wp-block-latest-posts__post-date\">M\u00e4rz 4, 2020<\/time><div class=\"wp-block-latest-posts__post-excerpt\">Das Klimab\u00fcndnis Bad Camberg organisiert f\u00fcr den 14.3.20 ab 14.00 Uhr bis ca. 16.00 Uhr eine M\u00fcllsammelaktion in Bad Camberg. Treffpunkte sind der Parkplatz gegen\u00fcber des Waldschlosses und der Pendlerparkplatz an der Autobahn. &nbsp; Wer mitmachen m\u00f6chte, ist herzlich willkommen. Bitte denkt an Warnwesten, Handschuhe und gegebenenfalls Greifzangen (werden zum Teil auch gestellt). M\u00fclls\u00e4cke&nbsp; gibt&nbsp;&#8230;<p class=\"more-link\"><a href=\"https:\/\/klimabuendnis-bad-camberg.de\/?p=675\" class=\"themebutton3\">Read More<\/a><\/p><\/div><\/li>\n<li><a class=\"wp-block-latest-posts__post-title\" href=\"https:\/\/klimabuendnis-bad-camberg.de\/?p=46\">Aktuelles &#8211; n\u00e4chstes Treffen<\/a><time datetime=\"2019-12-25T15:23:18+00:00\" class=\"wp-block-latest-posts__post-date\">Dezember 25, 2019<\/time><div class=\"wp-block-latest-posts__post-excerpt\">Unser n\u00e4chstes Treffen der Klimab\u00fcndnis Arbeitsgruppe findet am Mittwoch, den 18.03.2020, um 20:00 Uhr im evangelischen Gemeindehaus in Bad Camberg, Eichbornstra\u00dfe 13, statt. Interessierte G\u00e4ste sind uns jederzeit willkommen.<\/div><\/li>\n<\/ul>\n\n\n<div style=\"height:100px\" aria-hidden=\"true\" class=\"wp-block-spacer\"><\/div>\n","protected":false},"excerpt":{"rendered":"","protected":false},"author":1,"featured_media":0,"parent":0,"menu_order":0,"comment_status":"closed","ping_status":"closed","template":"","meta":{"ngg_post_thumbnail":0},"_links":{"self":[{"href":"https:\/\/klimabuendnis-bad-camberg.de\/index.php?rest_route=\/wp\/v2\/pages\/119"}],"collection":[{"href":"https:\/\/klimabuendnis-bad-camberg.de\/index.php?rest_route=\/wp\/v2\/pages"}],"about":[{"href":"https:\/\/klimabuendnis-bad-camberg.de\/index.php?rest_route=\/wp\/v2\/types\/page"}],"author":[{"embeddable":true,"href":"https:\/\/klimabuendnis-bad-camberg.de\/index.php?rest_route=\/wp\/v2\/users\/1"}],"replies":[{"embeddable":true,"href":"https:\/\/klimabuendnis-bad-camberg.de\/index.php?rest_route=%2Fwp%2Fv2%2Fcomments&post=119"}],"version-history":[{"count":4,"href":"https:\/\/klimabuendnis-bad-camberg.de\/index.php?rest_route=\/wp\/v2\/pages\/119\/revisions"}],"predecessor-version":[{"id":316,"href":"https:\/\/klimabuendnis-bad-camberg.de\/index.php?rest_route=\/wp\/v2\/pages\/119\/revisions\/316"}],"wp:attachment":[{"href":"https:\/\/klimabuendnis-bad-camberg.de\/index.php?rest_route=%2Fwp%2Fv2%2Fmedia&parent=119"}],"curies":[{"name":"wp","href":"https:\/\/api.w.org\/{rel}","templated":true}]}}