{"id":113,"date":"2019-12-26T10:13:30","date_gmt":"2019-12-26T10:13:30","guid":{"rendered":"http:\/\/klimabuendnis-bad-camberg.de\/?page_id=113"},"modified":"2019-12-26T21:40:19","modified_gmt":"2019-12-26T21:40:19","slug":"terminkalender","status":"publish","type":"page","link":"https:\/\/klimabuendnis-bad-camberg.de\/?page_id=113","title":{"rendered":"Terminkalender"},"content":{"rendered":"\n<p style=\"color:#013d82\" class=\"has-text-color has-large-font-size\"><strong>Wichtige Termine:<\/strong><\/p>\n\n\n\n<div class=\"is-layout-flex wp-container-3 wp-block-columns\">\n<div class=\"is-layout-flow wp-block-column\"><ul class=\"wp-block-latest-posts__list has-dates wp-block-latest-posts\"><li><a class=\"wp-block-latest-posts__post-title\" href=\"https:\/\/klimabuendnis-bad-camberg.de\/?p=328\">Globaler Klimastreik<\/a><time datetime=\"2019-12-26T21:33:29+00:00\" class=\"wp-block-latest-posts__post-date\">Dezember 26, 2019<\/time><div class=\"wp-block-latest-posts__post-excerpt\">Globaler Klimastreik auch in Bad Camberg! Wir, das Klimab\u00fcndnis Bad Camberg, werden auch f\u00fcr den n\u00e4chsten globalen Klimastreik eine gro\u00dfe Demo in Bad Camberg organisieren. Sobald wir den genauen Termin kennen, werden wir euch hier informieren und hoffen wieder auf eine gro\u00dfe Unterst\u00fctzung von den Bad Camberger B\u00fcrgern.<\/div><\/li>\n<\/ul><\/div>\n\n\n\n<div class=\"is-layout-flow wp-block-column\"><ul class=\"wp-block-latest-posts__list wp-block-latest-posts\"><li><a class=\"wp-block-latest-posts__post-title\" href=\"https:\/\/klimabuendnis-bad-camberg.de\/?p=675\">M\u00fcllsammelaktion 2020<\/a><div class=\"wp-block-latest-posts__post-excerpt\">Das Klimab\u00fcndnis Bad Camberg organisiert f\u00fcr den 14.3.20 ab 14.00 Uhr bis ca. 16.00 Uhr eine M\u00fcllsammelaktion in Bad Camberg. Treffpunkte sind der Parkplatz gegen\u00fcber des Waldschlosses und der Pendlerparkplatz an der Autobahn. &nbsp; Wer mitmachen m\u00f6chte, ist herzlich willkommen. Bitte denkt an Warnwesten, Handschuhe und gegebenenfalls Greifzangen (werden zum Teil auch gestellt). M\u00fclls\u00e4cke&nbsp; gibt&nbsp;&#8230;<p class=\"more-link\"><a href=\"https:\/\/klimabuendnis-bad-camberg.de\/?p=675\" class=\"themebutton3\">Read More<\/a><\/p><\/div><\/li>\n<li><a class=\"wp-block-latest-posts__post-title\" href=\"https:\/\/klimabuendnis-bad-camberg.de\/?p=46\">Aktuelles &#8211; n\u00e4chstes Treffen<\/a><div class=\"wp-block-latest-posts__post-excerpt\">Unser n\u00e4chstes Treffen der Klimab\u00fcndnis Arbeitsgruppe findet am Mittwoch, den 18.03.2020, um 20:00 Uhr im evangelischen Gemeindehaus in Bad Camberg, Eichbornstra\u00dfe 13, statt. Interessierte G\u00e4ste sind uns jederzeit willkommen.<\/div><\/li>\n<\/ul><\/div>\n<\/div>\n\n\n\n<p><\/p>\n","protected":false},"excerpt":{"rendered":"<p>Wichtige Termine<\/p>\n","protected":false},"author":1,"featured_media":0,"parent":0,"menu_order":0,"comment_status":"closed","ping_status":"closed","template":"","meta":{"ngg_post_thumbnail":0},"_links":{"self":[{"href":"https:\/\/klimabuendnis-bad-camberg.de\/index.php?rest_route=\/wp\/v2\/pages\/113"}],"collection":[{"href":"https:\/\/klimabuendnis-bad-camberg.de\/index.php?rest_route=\/wp\/v2\/pages"}],"about":[{"href":"https:\/\/klimabuendnis-bad-camberg.de\/index.php?rest_route=\/wp\/v2\/types\/page"}],"author":[{"embeddable":true,"href":"https:\/\/klimabuendnis-bad-camberg.de\/index.php?rest_route=\/wp\/v2\/users\/1"}],"replies":[{"embeddable":true,"href":"https:\/\/klimabuendnis-bad-camberg.de\/index.php?rest_route=%2Fwp%2Fv2%2Fcomments&post=113"}],"version-history":[{"count":4,"href":"https:\/\/klimabuendnis-bad-camberg.de\/index.php?rest_route=\/wp\/v2\/pages\/113\/revisions"}],"predecessor-version":[{"id":334,"href":"https:\/\/klimabuendnis-bad-camberg.de\/index.php?rest_route=\/wp\/v2\/pages\/113\/revisions\/334"}],"wp:attachment":[{"href":"https:\/\/klimabuendnis-bad-camberg.de\/index.php?rest_route=%2Fwp%2Fv2%2Fmedia&parent=113"}],"curies":[{"name":"wp","href":"https:\/\/api.w.org\/{rel}","templated":true}]}}