{"id":103,"date":"2019-12-26T10:10:44","date_gmt":"2019-12-26T10:10:44","guid":{"rendered":"http:\/\/klimabuendnis-bad-camberg.de\/?page_id=103"},"modified":"2020-01-25T16:01:55","modified_gmt":"2020-01-25T16:01:55","slug":"klimaanpassungsmassnahmen","status":"publish","type":"page","link":"https:\/\/klimabuendnis-bad-camberg.de\/?page_id=103","title":{"rendered":"Klimaanpassungsma\u00dfnahmen"},"content":{"rendered":"\n<p>Der Klimawandel ist auch bei uns in Bad Camberg bereits sp\u00fcrbar, und wir m\u00fcssen uns an die ver\u00e4nderten Gegebenheiten anpassen. Sowohl die Kommune muss in diesem Bereich t\u00e4tig werden als auch der einzelne B\u00fcrger.<\/p>\n\n\n\n<p>Wir m\u00fcssen uns auf Wetterereignisse wie Hitzewellen und Starkregen einstellen und dementsprechend Vorsorge treffen.<\/p>\n\n\n\n<p>Wie sch\u00fctze ich Haus, Hof und Garten? <\/p>\n\n\n\n<figure class=\"wp-block-image size-large is-resized\"><img decoding=\"async\" loading=\"lazy\" src=\"https:\/\/klimabuendnis-bad-camberg.de\/wp-content\/uploads\/2020\/01\/starkregen-1024x729.jpg\" alt=\"\" class=\"wp-image-496\" width=\"512\" height=\"365\" srcset=\"https:\/\/klimabuendnis-bad-camberg.de\/wp-content\/uploads\/2020\/01\/starkregen-1024x729.jpg 1024w, https:\/\/klimabuendnis-bad-camberg.de\/wp-content\/uploads\/2020\/01\/starkregen-300x213.jpg 300w, https:\/\/klimabuendnis-bad-camberg.de\/wp-content\/uploads\/2020\/01\/starkregen-768x546.jpg 768w, https:\/\/klimabuendnis-bad-camberg.de\/wp-content\/uploads\/2020\/01\/starkregen-1536x1093.jpg 1536w, https:\/\/klimabuendnis-bad-camberg.de\/wp-content\/uploads\/2020\/01\/starkregen-2048x1457.jpg 2048w\" sizes=\"(max-width: 512px) 100vw, 512px\" \/><\/figure>\n\n\n\n<p>Wir wollen Ihnen hier viele interessante Tipps und Informationen rund um das Thema &#8222;Klimaanpassung&#8220; geben. <\/p>\n\n\n\n<p>Welche klimaresistenden B\u00e4ume kann ich schon heute in meinem Garten anpflanzen? Was ist unter Ber\u00fccksichtigung des Klimawandels bei der Anlage eines Gartens zu ber\u00fccksichtigen? Wie sch\u00fctze ich mein Haus vor Starkregen, und was kann ich im Somer bei mir zuhause gegen die unertr\u00e4gliche Hitze tun?<\/p>\n\n\n\n<p>Wie muss ich mich und meine Lebensgewohnheiten anpassen?<\/p>\n\n\n\n<p>Viele Fragen, auf die wir im Laufe der Zeit Antworten geben wollen. eigene Erfahrungsberichte und gut recherchierte Informationen werden wir Ihnen hier zusammentragen und ver\u00f6ffentlichen.<\/p>\n","protected":false},"excerpt":{"rendered":"<p>Der Klimawandel ist auch bei uns in Bad Camberg bereits sp\u00fcrbar und wir m\u00fcssen uns an die ver\u00e4nderten gegebenheiten anpassen. Sowohl die Kommune muss in diesem Bereich t\u00e4tig werden als auch der einzelne B\u00fcrger.<\/p>\n","protected":false},"author":1,"featured_media":0,"parent":0,"menu_order":0,"comment_status":"closed","ping_status":"closed","template":"","meta":{"ngg_post_thumbnail":0},"_links":{"self":[{"href":"https:\/\/klimabuendnis-bad-camberg.de\/index.php?rest_route=\/wp\/v2\/pages\/103"}],"collection":[{"href":"https:\/\/klimabuendnis-bad-camberg.de\/index.php?rest_route=\/wp\/v2\/pages"}],"about":[{"href":"https:\/\/klimabuendnis-bad-camberg.de\/index.php?rest_route=\/wp\/v2\/types\/page"}],"author":[{"embeddable":true,"href":"https:\/\/klimabuendnis-bad-camberg.de\/index.php?rest_route=\/wp\/v2\/users\/1"}],"replies":[{"embeddable":true,"href":"https:\/\/klimabuendnis-bad-camberg.de\/index.php?rest_route=%2Fwp%2Fv2%2Fcomments&post=103"}],"version-history":[{"count":7,"href":"https:\/\/klimabuendnis-bad-camberg.de\/index.php?rest_route=\/wp\/v2\/pages\/103\/revisions"}],"predecessor-version":[{"id":572,"href":"https:\/\/klimabuendnis-bad-camberg.de\/index.php?rest_route=\/wp\/v2\/pages\/103\/revisions\/572"}],"wp:attachment":[{"href":"https:\/\/klimabuendnis-bad-camberg.de\/index.php?rest_route=%2Fwp%2Fv2%2Fmedia&parent=103"}],"curies":[{"name":"wp","href":"https:\/\/api.w.org\/{rel}","templated":true}]}}